{"id":22,"date":"2019-02-18T08:47:18","date_gmt":"2019-02-18T08:47:18","guid":{"rendered":"http:\/\/wordpress.nordicanimals.com.95-216-21-125.luminka.com\/wordpress\/?page_id=22"},"modified":"2019-03-04T12:14:23","modified_gmt":"2019-03-04T12:14:23","slug":"etusivu","status":"publish","type":"page","link":"https:\/\/nordicanimals.fi\/","title":{"rendered":"Etusivu"},"content":{"rendered":"<h3>PIKKU PUPUN MUSIIKKIMATKA &#8211; EL\u00c4MYKSELLIST\u00c4 MUSIIKKIKASVATUSTA<\/h3>\r\n\r\n\r\n\r\n<p><strong>Pohjolan el\u00e4imet ja nuoret pianistit<\/strong> on tarinallinen nuottikirja, joka sis\u00e4lt\u00e4\u00e4 <strong>Sini Lavastren<\/strong> s\u00e4vellyksi\u00e4, sanat ja soinnut, tarinan Pikku Pupusta, pedagogiset ohjeet monimuotoiseen ryhm\u00e4opetukseen, linkin \u00e4\u00e4nitteeseen sek\u00e4 monik\u00e4tiset sovitukset 3-4 pianistille yhdell\u00e4 pianolla.<\/p>\r\n<p>Kirjan avulla toteutat el\u00e4myksellist\u00e4 musiikkikasvatusta sis\u00e4lt\u00e4en satuja ja s\u00e4veli\u00e4, yhteismusisointia, improvisointia, taiteidenv\u00e4lisyytt\u00e4 sek\u00e4 musiikinhahmottamista kehon ja liikkeen avulla.<\/p>\r\n<p><strong>Pohjolan el\u00e4imet<\/strong> soveltuu soitonopettajille, muskariopettajille, musiikinopettajille ja heid\u00e4n oppilailleen sek\u00e4 p\u00e4iv\u00e4kodin henkil\u00f6kunnalle.<\/p>\r\n<p>OPPIMATERIAALI:<\/p>\r\n\r\n\r\n\r\n\r\n\r\n\r\n\r\n\r\n\r\n<ul>\r\n<li>kahdeksan ihastuttavaa Sini Lavastren s\u00e4vellyst\u00e4 ja sovitusta<\/li>\r\n<li>laulujen melodiat, sanat ja sointumerkit<\/li>\r\n<li>kappaleisiin johdatteleva tarina Pikku Pupusta, joka l\u00e4htee etsim\u00e4\u00e4n talvea<\/li>\r\n<li>pedagogiset n\u00e4k\u00f6kulmat ja ohjeet monimuotoiseen opetukseen<\/li>\r\n<li>kahdeksan monik\u00e4tist\u00e4 sovitusta 3-4 pianistille yhdell\u00e4 pianolla<\/li>\r\n<li>monik\u00e4tiset kappaleet soveltuvat 3-12-vuotiaille pianisteille (alkeis-PT2) sek\u00e4 soveltaen eri instrumenttien alkeisopetukseen (esim. jousisoittimet, puhaltimet, kitara, kantele, ukulele, laattasoittimet)<\/li>\r\n<li>tukee taiteen perusopetuksen opetussuunnitelmaa<\/li>\r\n<li>linkki \u00e4\u00e4nitteeseen<\/li>\r\n<li>kielin\u00e4 suomi ja englanti<\/li>\r\n<li>metallikierre, 38 sivua.<\/li>\r\n<li>hinta: 33,50 e\/ kpl<\/li>\r\n<\/ul>\r\n<p>Kirjan kuvituksen ovat tehneet KONSTa Turun Seudun Kuvataidekoulun oppilaat kuunnellen kirjan s\u00e4vellyksi\u00e4 ja tarinaa Pikku Pupusta, joka odottaa talvea ja talviturkkia. Ilmastonmuutoksen vuoksi talvi kuitenkin odotuttaa tuloaan ja Pikku Pupu l\u00e4htee etsim\u00e4\u00e4n talvea. Matkallaan h\u00e4n tapaa pohjoismaisia el\u00e4imi\u00e4.<\/p>\r\n<p>Tutustu ja ihastu!<\/p>\r\n<div class=\"woocommerce columns-6\">\r\n<ul class=\"products columns-6\">\r\n<li class=\"product-category product first\">\r\n<figure id=\"attachment_27\" aria-describedby=\"caption-attachment-27\" style=\"width: 150px\" class=\"wp-caption alignnone\"><a href=\"https:\/\/nordicanimals.fi\/?page_id=34\"><img loading=\"lazy\" decoding=\"async\" class=\"wp-image-27 size-thumbnail\" src=\"https:\/\/nordicanimals.fi\/wp-content\/uploads\/2019\/02\/tarina-pikku-pupusta-150x150.jpg\" alt=\"Ymp\u00e4rist\u00f6kasvatusta tarinan avulla.\" width=\"150\" height=\"150\" srcset=\"https:\/\/nordicanimals.fi\/wp-content\/uploads\/2019\/02\/tarina-pikku-pupusta-150x150.jpg 150w, https:\/\/nordicanimals.fi\/wp-content\/uploads\/2019\/02\/tarina-pikku-pupusta-100x100.jpg 100w\" sizes=\"auto, (max-width: 150px) 100vw, 150px\" \/><\/a><figcaption id=\"caption-attachment-27\" class=\"wp-caption-text\">Tarina Pikku Pupusta<\/figcaption><\/figure>\r\n<\/li>\r\n<li class=\"product-category product\">\r\n<figure id=\"attachment_28\" aria-describedby=\"caption-attachment-28\" style=\"width: 150px\" class=\"wp-caption alignnone\"><a href=\"https:\/\/nordicanimals.fi\/?page_id=38\"><img loading=\"lazy\" decoding=\"async\" class=\"wp-image-28 size-thumbnail\" src=\"https:\/\/nordicanimals.fi\/wp-content\/uploads\/2019\/02\/savellykset-150x150.jpg\" alt=\"\" width=\"150\" height=\"150\" srcset=\"https:\/\/nordicanimals.fi\/wp-content\/uploads\/2019\/02\/savellykset-150x150.jpg 150w, https:\/\/nordicanimals.fi\/wp-content\/uploads\/2019\/02\/savellykset-100x100.jpg 100w\" sizes=\"auto, (max-width: 150px) 100vw, 150px\" \/><\/a><figcaption id=\"caption-attachment-28\" class=\"wp-caption-text\">S\u00e4vellykset<\/figcaption><\/figure>\r\n<\/li>\r\n<li class=\"product-category product\">\r\n<figure id=\"attachment_35\" aria-describedby=\"caption-attachment-35\" style=\"width: 150px\" class=\"wp-caption alignnone\"><a href=\"https:\/\/nordicanimals.fi\/?page_id=44\"><img loading=\"lazy\" decoding=\"async\" class=\"wp-image-35 size-thumbnail\" src=\"https:\/\/nordicanimals.fi\/wp-content\/uploads\/2019\/02\/d9ff6f6c20405c7e31c38902f7af4595-150x150.jpg\" alt=\"\" width=\"150\" height=\"150\" srcset=\"https:\/\/nordicanimals.fi\/wp-content\/uploads\/2019\/02\/d9ff6f6c20405c7e31c38902f7af4595-150x150.jpg 150w, https:\/\/nordicanimals.fi\/wp-content\/uploads\/2019\/02\/d9ff6f6c20405c7e31c38902f7af4595-324x324.jpg 324w, https:\/\/nordicanimals.fi\/wp-content\/uploads\/2019\/02\/d9ff6f6c20405c7e31c38902f7af4595-100x100.jpg 100w\" sizes=\"auto, (max-width: 150px) 100vw, 150px\" \/><\/a><figcaption id=\"caption-attachment-35\" class=\"wp-caption-text\">Pedagogiset ohjeet<\/figcaption><\/figure>\r\n<\/li>\r\n<li class=\"product-category product\">\r\n<figure id=\"attachment_31\" aria-describedby=\"caption-attachment-31\" style=\"width: 150px\" class=\"wp-caption alignnone\"><a href=\"https:\/\/nordicanimals.fi\/?page_id=49\"><img loading=\"lazy\" decoding=\"async\" class=\"wp-image-31 size-thumbnail\" src=\"https:\/\/nordicanimals.fi\/wp-content\/uploads\/2019\/02\/musiikkikasvattajat-150x150.jpg\" alt=\"\" width=\"150\" height=\"150\" srcset=\"https:\/\/nordicanimals.fi\/wp-content\/uploads\/2019\/02\/musiikkikasvattajat-150x150.jpg 150w, https:\/\/nordicanimals.fi\/wp-content\/uploads\/2019\/02\/musiikkikasvattajat-100x100.jpg 100w\" sizes=\"auto, (max-width: 150px) 100vw, 150px\" \/><\/a><figcaption id=\"caption-attachment-31\" class=\"wp-caption-text\">Musiikkikasvattajat<\/figcaption><\/figure>\r\n<\/li>\r\n<li class=\"product-category product\">\r\n<figure id=\"attachment_30\" aria-describedby=\"caption-attachment-30\" style=\"width: 150px\" class=\"wp-caption alignnone\"><a href=\"https:\/\/nordicanimals.fi\/?page_id=46\"><img loading=\"lazy\" decoding=\"async\" class=\"wp-image-30 size-thumbnail\" src=\"https:\/\/nordicanimals.fi\/wp-content\/uploads\/2019\/02\/pianopedagogit-150x150.jpg\" alt=\"\" width=\"150\" height=\"150\" srcset=\"https:\/\/nordicanimals.fi\/wp-content\/uploads\/2019\/02\/pianopedagogit-150x150.jpg 150w, https:\/\/nordicanimals.fi\/wp-content\/uploads\/2019\/02\/pianopedagogit-100x100.jpg 100w\" sizes=\"auto, (max-width: 150px) 100vw, 150px\" \/><\/a><figcaption id=\"caption-attachment-30\" class=\"wp-caption-text\">Pianopedagogit<\/figcaption><\/figure>\r\n<\/li>\r\n<li class=\"product-category product last\">\r\n<figure id=\"attachment_32\" aria-describedby=\"caption-attachment-32\" style=\"width: 150px\" class=\"wp-caption alignnone\"><a href=\"https:\/\/nordicanimals.fi\/?page_id=51\"><img loading=\"lazy\" decoding=\"async\" class=\"wp-image-32 size-thumbnail\" src=\"https:\/\/nordicanimals.fi\/wp-content\/uploads\/2019\/02\/yhteistyotahot-150x150.jpg\" alt=\"\" width=\"150\" height=\"150\" srcset=\"https:\/\/nordicanimals.fi\/wp-content\/uploads\/2019\/02\/yhteistyotahot-150x150.jpg 150w, https:\/\/nordicanimals.fi\/wp-content\/uploads\/2019\/02\/yhteistyotahot-100x100.jpg 100w\" sizes=\"auto, (max-width: 150px) 100vw, 150px\" \/><\/a><figcaption id=\"caption-attachment-32\" class=\"wp-caption-text\">Yhteisty\u00f6tahot<\/figcaption><\/figure>\r\n<\/li>\r\n<\/ul>\r\n<\/div>","protected":false},"excerpt":{"rendered":"<p>PIKKU PUPUN MUSIIKKIMATKA &#8211; EL\u00c4MYKSELLIST\u00c4 MUSIIKKIKASVATUSTA Pohjolan el\u00e4imet ja nuoret pianistit on tarinallinen nuottikirja, joka sis\u00e4lt\u00e4\u00e4 Sini Lavastren s\u00e4vellyksi\u00e4, sanat ja soinnut, tarinan Pikku Pupusta, pedagogiset ohjeet monimuotoiseen ryhm\u00e4opetukseen, linkin \u00e4\u00e4nitteeseen sek\u00e4 monik\u00e4tiset sovitukset 3-4 pianistille yhdell\u00e4 pianolla. Kirjan avulla toteutat el\u00e4myksellist\u00e4 musiikkikasvatusta sis\u00e4lt\u00e4en satuja ja s\u00e4veli\u00e4, yhteismusisointia, improvisointia, taiteidenv\u00e4lisyytt\u00e4 sek\u00e4 musiikinhahmottamista kehon ja liikkeen [&hellip;]<\/p>\n","protected":false},"author":1,"featured_media":0,"parent":0,"menu_order":0,"comment_status":"closed","ping_status":"closed","template":"","meta":{"footnotes":""},"class_list":["post-22","page","type-page","status-publish","hentry"],"_links":{"self":[{"href":"https:\/\/nordicanimals.fi\/index.php?rest_route=\/wp\/v2\/pages\/22","targetHints":{"allow":["GET"]}}],"collection":[{"href":"https:\/\/nordicanimals.fi\/index.php?rest_route=\/wp\/v2\/pages"}],"about":[{"href":"https:\/\/nordicanimals.fi\/index.php?rest_route=\/wp\/v2\/types\/page"}],"author":[{"embeddable":true,"href":"https:\/\/nordicanimals.fi\/index.php?rest_route=\/wp\/v2\/users\/1"}],"replies":[{"embeddable":true,"href":"https:\/\/nordicanimals.fi\/index.php?rest_route=%2Fwp%2Fv2%2Fcomments&post=22"}],"version-history":[{"count":56,"href":"https:\/\/nordicanimals.fi\/index.php?rest_route=\/wp\/v2\/pages\/22\/revisions"}],"predecessor-version":[{"id":340,"href":"https:\/\/nordicanimals.fi\/index.php?rest_route=\/wp\/v2\/pages\/22\/revisions\/340"}],"wp:attachment":[{"href":"https:\/\/nordicanimals.fi\/index.php?rest_route=%2Fwp%2Fv2%2Fmedia&parent=22"}],"curies":[{"name":"wp","href":"https:\/\/api.w.org\/{rel}","templated":true}]}}