{"id":38,"date":"2019-02-18T09:08:55","date_gmt":"2019-02-18T09:08:55","guid":{"rendered":"http:\/\/wordpress.nordicanimals.com.95-216-21-125.luminka.com\/wordpress\/?page_id=38"},"modified":"2019-02-22T07:37:41","modified_gmt":"2019-02-22T07:37:41","slug":"savellykset-2","status":"publish","type":"page","link":"https:\/\/nordicanimals.fi\/?page_id=38","title":{"rendered":"S\u00e4vellykset"},"content":{"rendered":"<p><\/p>\n<h3>SIS\u00c4LLYS<\/h3>\n<p><img loading=\"lazy\" decoding=\"async\" class=\"wp-image-39 alignleft\" src=\"https:\/\/nordicanimals.fi\/wp-content\/uploads\/2019\/02\/8073485e15c3888f62ee3670b9973fbc_361x507.jpg\" alt=\"\" width=\"292\" height=\"412\" srcset=\"https:\/\/nordicanimals.fi\/wp-content\/uploads\/2019\/02\/8073485e15c3888f62ee3670b9973fbc_361x507.jpg 359w, https:\/\/nordicanimals.fi\/wp-content\/uploads\/2019\/02\/8073485e15c3888f62ee3670b9973fbc_361x507-212x300.jpg 212w\" sizes=\"auto, (max-width: 292px) 100vw, 292px\" \/><img loading=\"lazy\" decoding=\"async\" class=\"wp-image-266 alignleft\" src=\"https:\/\/nordicanimals.fi\/wp-content\/uploads\/2019\/02\/Nordic_animals_netti_Page_08.jpg\" alt=\"\" width=\"292\" height=\"412\" srcset=\"https:\/\/nordicanimals.fi\/wp-content\/uploads\/2019\/02\/Nordic_animals_netti_Page_08.jpg 596w, https:\/\/nordicanimals.fi\/wp-content\/uploads\/2019\/02\/Nordic_animals_netti_Page_08-212x300.jpg 212w, https:\/\/nordicanimals.fi\/wp-content\/uploads\/2019\/02\/Nordic_animals_netti_Page_08-416x588.jpg 416w\" sizes=\"auto, (max-width: 292px) 100vw, 292px\" \/><img loading=\"lazy\" decoding=\"async\" class=\" wp-image-219 alignnone\" src=\"https:\/\/nordicanimals.fi\/wp-content\/uploads\/2019\/02\/Nordic_animals_netti_Page_09-724x1024.jpg\" alt=\"\" width=\"292\" height=\"412\" srcset=\"https:\/\/nordicanimals.fi\/wp-content\/uploads\/2019\/02\/Nordic_animals_netti_Page_09-724x1024.jpg 724w, https:\/\/nordicanimals.fi\/wp-content\/uploads\/2019\/02\/Nordic_animals_netti_Page_09-212x300.jpg 212w, https:\/\/nordicanimals.fi\/wp-content\/uploads\/2019\/02\/Nordic_animals_netti_Page_09-768x1086.jpg 768w, https:\/\/nordicanimals.fi\/wp-content\/uploads\/2019\/02\/Nordic_animals_netti_Page_09-416x588.jpg 416w, https:\/\/nordicanimals.fi\/wp-content\/uploads\/2019\/02\/Nordic_animals_netti_Page_09.jpg 1654w\" sizes=\"auto, (max-width: 292px) 100vw, 292px\" \/><\/p>\n<p>&nbsp;<\/p>\n<p>Sini Lavastre: Tikka kaipaa suklaata<br \/>\nSini Lavastre: Keltainen kettu<br \/>\nSini Lavastre: Karhuperhe-rock<br \/>\nSini Lavastre: Haukotteleva haukka<br \/>\nSini Lavastre: J\u00e4\u00e4karhun maassa<br \/>\ntrad. sov. S. Lavastre: Rati riti ralla<br \/>\ntrad. sov. S. Lavastre: Tuiki, tuiki t\u00e4ht\u00f6nen<br \/>\nSini Lavastre: Pikku Pupu<\/p>\n<h3>PIANISTIEN SOVITUKSET<\/h3>\n<p style=\"text-align: left;\">Pianistien monik\u00e4tinen ohjelmisto soveltuu 3-12-vuotiaille oppilaille. Kappaleissa on 3-4 pianistia yhdell\u00e4 pianolla, mutta niit\u00e4 voi soittaa my\u00f6s nelik\u00e4tisesti. Ohjelmisto sopii aivan vasta-alkajista n. PT2-tasoisille soittajille. Osassa kappaleista lauletaan, kehorytmitell\u00e4\u00e4n tai tuotetaan \u00e4\u00e4nt\u00e4 esim. koputtamalla pianoa. Kappaleissa hy\u00f6dynnet\u00e4\u00e4n pianoa kokonaisvaltaisesti, k\u00e4ytet\u00e4\u00e4n sek\u00e4 suuria motorisia liikkeit\u00e4 ett\u00e4 hienomotoriikkaa vaativaa \u00e4\u00e4nen tuottamista. Ohjelmiston avulla oppilaat tutustuvat vapaan s\u00e4estyksen ja improvisoinnin alkeisiin.<\/p>\n<p><img loading=\"lazy\" decoding=\"async\" class=\"wp-image-41 alignleft\" src=\"https:\/\/nordicanimals.fi\/wp-content\/uploads\/2019\/02\/8295fb2b6381119957f81156f9020cfa_350x494.jpg\" alt=\"\" width=\"292\" height=\"412\" srcset=\"https:\/\/nordicanimals.fi\/wp-content\/uploads\/2019\/02\/8295fb2b6381119957f81156f9020cfa_350x494.jpg 350w, https:\/\/nordicanimals.fi\/wp-content\/uploads\/2019\/02\/8295fb2b6381119957f81156f9020cfa_350x494-213x300.jpg 213w\" sizes=\"auto, (max-width: 292px) 100vw, 292px\" \/><\/p>\n<h3>MELODIA, SANAT JA SOINNUT<\/h3>\n<p>L\u00f6yd\u00e4t kirjan lauluista erilliset melodiat, soinnut ja sanat suomeksi ja englanniksi.<\/p>\n<p><img loading=\"lazy\" decoding=\"async\" class=\"alignnone wp-image-40\" src=\"https:\/\/nordicanimals.fi\/wp-content\/uploads\/2019\/02\/e19de18d26298c7526eb6ee7e8d27bb4_350x495.jpg\" alt=\"\" width=\"292\" height=\"411\" srcset=\"https:\/\/nordicanimals.fi\/wp-content\/uploads\/2019\/02\/e19de18d26298c7526eb6ee7e8d27bb4_350x495.jpg 350w, https:\/\/nordicanimals.fi\/wp-content\/uploads\/2019\/02\/e19de18d26298c7526eb6ee7e8d27bb4_350x495-213x300.jpg 213w\" sizes=\"auto, (max-width: 292px) 100vw, 292px\" \/><\/p>\n<p>&nbsp;<\/p>","protected":false},"excerpt":{"rendered":"<p>SIS\u00c4LLYS &nbsp; Sini Lavastre: Tikka kaipaa suklaata Sini Lavastre: Keltainen kettu Sini Lavastre: Karhuperhe-rock Sini Lavastre: Haukotteleva haukka Sini Lavastre: J\u00e4\u00e4karhun maassa trad. sov. S. Lavastre: Rati riti ralla trad. sov. S. Lavastre: Tuiki, tuiki t\u00e4ht\u00f6nen Sini Lavastre: Pikku Pupu PIANISTIEN SOVITUKSET Pianistien monik\u00e4tinen ohjelmisto soveltuu 3-12-vuotiaille oppilaille. Kappaleissa on 3-4 pianistia yhdell\u00e4 pianolla, mutta [&hellip;]<\/p>\n","protected":false},"author":1,"featured_media":0,"parent":24,"menu_order":0,"comment_status":"closed","ping_status":"closed","template":"","meta":{"footnotes":""},"class_list":["post-38","page","type-page","status-publish","hentry"],"_links":{"self":[{"href":"https:\/\/nordicanimals.fi\/index.php?rest_route=\/wp\/v2\/pages\/38","targetHints":{"allow":["GET"]}}],"collection":[{"href":"https:\/\/nordicanimals.fi\/index.php?rest_route=\/wp\/v2\/pages"}],"about":[{"href":"https:\/\/nordicanimals.fi\/index.php?rest_route=\/wp\/v2\/types\/page"}],"author":[{"embeddable":true,"href":"https:\/\/nordicanimals.fi\/index.php?rest_route=\/wp\/v2\/users\/1"}],"replies":[{"embeddable":true,"href":"https:\/\/nordicanimals.fi\/index.php?rest_route=%2Fwp%2Fv2%2Fcomments&post=38"}],"version-history":[{"count":27,"href":"https:\/\/nordicanimals.fi\/index.php?rest_route=\/wp\/v2\/pages\/38\/revisions"}],"predecessor-version":[{"id":316,"href":"https:\/\/nordicanimals.fi\/index.php?rest_route=\/wp\/v2\/pages\/38\/revisions\/316"}],"up":[{"embeddable":true,"href":"https:\/\/nordicanimals.fi\/index.php?rest_route=\/wp\/v2\/pages\/24"}],"wp:attachment":[{"href":"https:\/\/nordicanimals.fi\/index.php?rest_route=%2Fwp%2Fv2%2Fmedia&parent=38"}],"curies":[{"name":"wp","href":"https:\/\/api.w.org\/{rel}","templated":true}]}}