{"id":44,"date":"2019-02-18T09:10:13","date_gmt":"2019-02-18T09:10:13","guid":{"rendered":"http:\/\/wordpress.nordicanimals.com.95-216-21-125.luminka.com\/wordpress\/?page_id=44"},"modified":"2019-02-22T07:35:53","modified_gmt":"2019-02-22T07:35:53","slug":"pedagogiset-ohjeet-2","status":"publish","type":"page","link":"https:\/\/nordicanimals.fi\/?page_id=44","title":{"rendered":"Pedagogiset ohjeet"},"content":{"rendered":"<p><\/p>\n<p>Oppimateriaali sis\u00e4lt\u00e4\u00e4 jokaisesta s\u00e4vellyksest\u00e4 pedagogisen n\u00e4k\u00f6kulman sek\u00e4 ideoita monimuotoiseen opetukseen. Ideat soveltuvat hyvin ryhm\u00e4opetukseen.\u00a0<\/p>\n<p>Ohjeet sis\u00e4lt\u00e4v\u00e4t:<\/p>\n<ul>\n<li>laulun ja soiton vuorottelua<\/li>\n<li>liikett\u00e4 ja tanssia<\/li>\n<li>rytmin ja \u00e4\u00e4nimaiseman tuottamista kehoytmeill\u00e4 ja rytmisoittimilla<\/li>\n<li>musiikinhahmottamista kehon ja liikkeen avulla<\/li>\n<li>tutustumista vapaaseen s\u00e4estykseen<\/li>\n<li>tutustumista improvisointiin<\/li>\n<li>taiteidenv\u00e4lisyytt\u00e4 mm. musiikkimaalausta, tanssia, sanataidetta<\/li>\n<\/ul>\n<p>Pedagogisia n\u00e4k\u00f6kulmia mm.:<\/p>\n<ul>\n<li>rytmiostinato<\/li>\n<li>klusteri<\/li>\n<li>ABA-rakenne<\/li>\n<li>glissando<\/li>\n<li>12-tahdin Blues-kaava<\/li>\n<li>suomalaisen kansanmusiikin piirteet<\/li>\n<li>arpeggio<\/li>\n<\/ul>\n<p>Kielin\u00e4 ovat suomi ja englanti.<\/p>\n<p><img loading=\"lazy\" decoding=\"async\" class=\"size-thumbnail wp-image-31 alignleft\" src=\"https:\/\/nordicanimals.fi\/wp-content\/uploads\/2019\/02\/musiikkikasvattajat-150x150.jpg\" alt=\"\" width=\"150\" height=\"150\" srcset=\"https:\/\/nordicanimals.fi\/wp-content\/uploads\/2019\/02\/musiikkikasvattajat-150x150.jpg 150w, https:\/\/nordicanimals.fi\/wp-content\/uploads\/2019\/02\/musiikkikasvattajat-100x100.jpg 100w\" sizes=\"auto, (max-width: 150px) 100vw, 150px\" \/><img loading=\"lazy\" decoding=\"async\" class=\"alignnone size-thumbnail wp-image-27\" src=\"https:\/\/nordicanimals.fi\/wp-content\/uploads\/2019\/02\/tarina-pikku-pupusta-150x150.jpg\" alt=\"\" width=\"150\" height=\"150\" srcset=\"https:\/\/nordicanimals.fi\/wp-content\/uploads\/2019\/02\/tarina-pikku-pupusta-150x150.jpg 150w, https:\/\/nordicanimals.fi\/wp-content\/uploads\/2019\/02\/tarina-pikku-pupusta-100x100.jpg 100w\" sizes=\"auto, (max-width: 150px) 100vw, 150px\" \/><\/p>\n<p><\/p>","protected":false},"excerpt":{"rendered":"<p>Oppimateriaali sis\u00e4lt\u00e4\u00e4 jokaisesta s\u00e4vellyksest\u00e4 pedagogisen n\u00e4k\u00f6kulman sek\u00e4 ideoita monimuotoiseen opetukseen. Ideat soveltuvat hyvin ryhm\u00e4opetukseen.\u00a0 Ohjeet sis\u00e4lt\u00e4v\u00e4t: laulun ja soiton vuorottelua liikett\u00e4 ja tanssia rytmin ja \u00e4\u00e4nimaiseman tuottamista kehoytmeill\u00e4 ja rytmisoittimilla musiikinhahmottamista kehon ja liikkeen avulla tutustumista vapaaseen s\u00e4estykseen tutustumista improvisointiin taiteidenv\u00e4lisyytt\u00e4 mm. musiikkimaalausta, tanssia, sanataidetta Pedagogisia n\u00e4k\u00f6kulmia mm.: rytmiostinato klusteri ABA-rakenne glissando 12-tahdin Blues-kaava suomalaisen [&hellip;]<\/p>\n","protected":false},"author":1,"featured_media":0,"parent":24,"menu_order":0,"comment_status":"closed","ping_status":"closed","template":"","meta":{"footnotes":""},"class_list":["post-44","page","type-page","status-publish","hentry"],"_links":{"self":[{"href":"https:\/\/nordicanimals.fi\/index.php?rest_route=\/wp\/v2\/pages\/44","targetHints":{"allow":["GET"]}}],"collection":[{"href":"https:\/\/nordicanimals.fi\/index.php?rest_route=\/wp\/v2\/pages"}],"about":[{"href":"https:\/\/nordicanimals.fi\/index.php?rest_route=\/wp\/v2\/types\/page"}],"author":[{"embeddable":true,"href":"https:\/\/nordicanimals.fi\/index.php?rest_route=\/wp\/v2\/users\/1"}],"replies":[{"embeddable":true,"href":"https:\/\/nordicanimals.fi\/index.php?rest_route=%2Fwp%2Fv2%2Fcomments&post=44"}],"version-history":[{"count":11,"href":"https:\/\/nordicanimals.fi\/index.php?rest_route=\/wp\/v2\/pages\/44\/revisions"}],"predecessor-version":[{"id":314,"href":"https:\/\/nordicanimals.fi\/index.php?rest_route=\/wp\/v2\/pages\/44\/revisions\/314"}],"up":[{"embeddable":true,"href":"https:\/\/nordicanimals.fi\/index.php?rest_route=\/wp\/v2\/pages\/24"}],"wp:attachment":[{"href":"https:\/\/nordicanimals.fi\/index.php?rest_route=%2Fwp%2Fv2%2Fmedia&parent=44"}],"curies":[{"name":"wp","href":"https:\/\/api.w.org\/{rel}","templated":true}]}}