{"id":49,"date":"2019-02-18T09:12:56","date_gmt":"2019-02-18T09:12:56","guid":{"rendered":"http:\/\/wordpress.nordicanimals.com.95-216-21-125.luminka.com\/wordpress\/?page_id=49"},"modified":"2019-02-22T07:35:19","modified_gmt":"2019-02-22T07:35:19","slug":"musiikkikasvattajat-2","status":"publish","type":"page","link":"https:\/\/nordicanimals.fi\/?page_id=49","title":{"rendered":"Musiikkikasvattajat"},"content":{"rendered":"<p><\/p>\n<h2>EL\u00c4MYKSELLISI\u00c4 MUSKAREITA JA MUSIIKKITUNTEJA<\/h2>\n<p>Pohjolan el\u00e4imet -oppimateriaali on suunniteltu soveltuvaksi my\u00f6s musiikin varhaiskasvattajille sek\u00e4 p\u00e4iv\u00e4kotien ja koulujen musiikkikasvattajille. Tarinan ja s\u00e4vellysten avulla luot el\u00e4myksellist\u00e4 ja kokonaisvaltaista musiikkikasvatusta sis\u00e4lt\u00e4en satuja ja s\u00e4veli\u00e4, yhteismusisointia, improvisointia, taiteidenv\u00e4lisyytt\u00e4 sek\u00e4 musiikinhahmottamista kehon ja liikkeen avulla. Musiikin mukana voi liikkua, laulaa, lorutella, soittaa eri rytmisoittimilla ja tehd\u00e4 kehorytmej\u00e4. L\u00f6yd\u00e4t kirjan lauluista melodian, sanat ja sointumerkit.<\/p>\n<p>Pikku Pupu sopii loistavasti teemaksi syyslukukaudeksi tai alkutalveksi.<\/p>\n<p>Kappaleet sek\u00e4 monik\u00e4tiset pianosovitukset soveltuvat my\u00f6s soveltaen soitinkaruselliryhmiin sek\u00e4 pianomuskareihin.<\/p>\n<p>Voit hy\u00f6dynt\u00e4\u00e4 tunneillasi oppimateriaalin pedagogisia ohjeita ja ideoita ryhm\u00e4tunneille soveltavasti eri ik\u00e4ryhm\u00e4t huomioon ottaen. L\u00f6yd\u00e4t niist\u00e4 musiikillisia elementtej\u00e4, joita voit hy\u00f6dynt\u00e4\u00e4 opetuksessasi mm.<\/p>\n<ul>\n<li>rytmiostinato<\/li>\n<li>duuri-molli<\/li>\n<li>ABA-rakenne<\/li>\n<li>Blues-kaava<\/li>\n<li>kaikulaulu<\/li>\n<li>sointiv\u00e4ri<\/li>\n<\/ul>\n<p>Kaksikielisyyden ansiosta Pohjolan el\u00e4imet soveltuu my\u00f6s kansainv\u00e4lisiin ryhmiin. Kielin\u00e4 ovat suomi ja englanti.<\/p>\n<p><img loading=\"lazy\" decoding=\"async\" class=\"alignleft size-thumbnail wp-image-36\" src=\"https:\/\/nordicanimals.fi\/wp-content\/uploads\/2019\/02\/cc7ef569c038b9945518adb033864fad-150x150.jpg\" alt=\"\" width=\"150\" height=\"150\" srcset=\"https:\/\/nordicanimals.fi\/wp-content\/uploads\/2019\/02\/cc7ef569c038b9945518adb033864fad-150x150.jpg 150w, https:\/\/nordicanimals.fi\/wp-content\/uploads\/2019\/02\/cc7ef569c038b9945518adb033864fad-324x324.jpg 324w, https:\/\/nordicanimals.fi\/wp-content\/uploads\/2019\/02\/cc7ef569c038b9945518adb033864fad-100x100.jpg 100w\" sizes=\"auto, (max-width: 150px) 100vw, 150px\" \/><img loading=\"lazy\" decoding=\"async\" class=\"size-thumbnail wp-image-35\" src=\"https:\/\/nordicanimals.fi\/wp-content\/uploads\/2019\/02\/d9ff6f6c20405c7e31c38902f7af4595-150x150.jpg\" alt=\"\" width=\"150\" height=\"150\" srcset=\"https:\/\/nordicanimals.fi\/wp-content\/uploads\/2019\/02\/d9ff6f6c20405c7e31c38902f7af4595-150x150.jpg 150w, https:\/\/nordicanimals.fi\/wp-content\/uploads\/2019\/02\/d9ff6f6c20405c7e31c38902f7af4595-324x324.jpg 324w, https:\/\/nordicanimals.fi\/wp-content\/uploads\/2019\/02\/d9ff6f6c20405c7e31c38902f7af4595-100x100.jpg 100w\" sizes=\"auto, (max-width: 150px) 100vw, 150px\" \/><br \/>\n<\/p>","protected":false},"excerpt":{"rendered":"<p>EL\u00c4MYKSELLISI\u00c4 MUSKAREITA JA MUSIIKKITUNTEJA Pohjolan el\u00e4imet -oppimateriaali on suunniteltu soveltuvaksi my\u00f6s musiikin varhaiskasvattajille sek\u00e4 p\u00e4iv\u00e4kotien ja koulujen musiikkikasvattajille. Tarinan ja s\u00e4vellysten avulla luot el\u00e4myksellist\u00e4 ja kokonaisvaltaista musiikkikasvatusta sis\u00e4lt\u00e4en satuja ja s\u00e4veli\u00e4, yhteismusisointia, improvisointia, taiteidenv\u00e4lisyytt\u00e4 sek\u00e4 musiikinhahmottamista kehon ja liikkeen avulla. Musiikin mukana voi liikkua, laulaa, lorutella, soittaa eri rytmisoittimilla ja tehd\u00e4 kehorytmej\u00e4. L\u00f6yd\u00e4t kirjan lauluista [&hellip;]<\/p>\n","protected":false},"author":1,"featured_media":0,"parent":24,"menu_order":0,"comment_status":"closed","ping_status":"closed","template":"","meta":{"footnotes":""},"class_list":["post-49","page","type-page","status-publish","hentry"],"_links":{"self":[{"href":"https:\/\/nordicanimals.fi\/index.php?rest_route=\/wp\/v2\/pages\/49","targetHints":{"allow":["GET"]}}],"collection":[{"href":"https:\/\/nordicanimals.fi\/index.php?rest_route=\/wp\/v2\/pages"}],"about":[{"href":"https:\/\/nordicanimals.fi\/index.php?rest_route=\/wp\/v2\/types\/page"}],"author":[{"embeddable":true,"href":"https:\/\/nordicanimals.fi\/index.php?rest_route=\/wp\/v2\/users\/1"}],"replies":[{"embeddable":true,"href":"https:\/\/nordicanimals.fi\/index.php?rest_route=%2Fwp%2Fv2%2Fcomments&post=49"}],"version-history":[{"count":9,"href":"https:\/\/nordicanimals.fi\/index.php?rest_route=\/wp\/v2\/pages\/49\/revisions"}],"predecessor-version":[{"id":312,"href":"https:\/\/nordicanimals.fi\/index.php?rest_route=\/wp\/v2\/pages\/49\/revisions\/312"}],"up":[{"embeddable":true,"href":"https:\/\/nordicanimals.fi\/index.php?rest_route=\/wp\/v2\/pages\/24"}],"wp:attachment":[{"href":"https:\/\/nordicanimals.fi\/index.php?rest_route=%2Fwp%2Fv2%2Fmedia&parent=49"}],"curies":[{"name":"wp","href":"https:\/\/api.w.org\/{rel}","templated":true}]}}