{"id":88,"date":"2019-02-18T09:49:02","date_gmt":"2019-02-18T09:49:02","guid":{"rendered":"http:\/\/wordpress.nordicanimals.com.95-216-21-125.luminka.com\/wordpress\/?post_type=product&#038;p=88"},"modified":"2023-09-14T08:56:39","modified_gmt":"2023-09-14T08:56:39","slug":"pohjolan-elaimet-ja-nuoret-pianistit-kirja","status":"publish","type":"product","link":"https:\/\/nordicanimals.fi\/?product=pohjolan-elaimet-ja-nuoret-pianistit-kirja","title":{"rendered":"Pohjolan el\u00e4imet ja nuoret pianistit -kirja"},"content":{"rendered":"<p><strong>Pohjolan el\u00e4imet ja nuoret pianistit<\/strong> on tarinallinen nuottikirja, joka sis\u00e4lt\u00e4\u00e4 <strong>Sini Lavastren<\/strong> s\u00e4vellyksi\u00e4 ja sovituksia, sanat ja soinnut, tarinan Pikku Pupusta, pedagogiset ohjeet monimuotoiseen ryhm\u00e4opetukseen, linkin \u00e4\u00e4nitteeseen sek\u00e4 monik\u00e4tiset sovitukset 3-4 pianistille yhdell\u00e4 pianolla. Pianistien kappaleet sopivat 3-12-vuotiaille oppilaille aloittelevista PT2-tasoisiin sek\u00e4 soveltuvat eri instrumenttien alkeisopetukseen sovelletusti.<\/p>\n<p>Kirjan avulla toteutat el\u00e4myksellist\u00e4 musiikkikasvatusta sis\u00e4lt\u00e4en satuja ja s\u00e4veli\u00e4, yhteismusisointia, improvisointia, taiteidenv\u00e4lisyytt\u00e4 sek\u00e4 musiikinhahmottamista kehon ja liikkeen avulla.<\/p>\n<p>Kirjan tarina kertoo Pikku Pupusta, joka odottaa talvea ja talviturkkia. Ilmastonmuutoksen vuoksi talvi kuitenkin odotuttaa tuloaan ja Pikku Pupu l\u00e4htee etsim\u00e4\u00e4n talvea. Matkallaan h\u00e4n tapaa pohjoismaisia el\u00e4imi\u00e4.<\/p>\n<p>Pohjolan el\u00e4imet soveltuu soitonopettajille, muskariopettajille, musiikinopettajille ja heid\u00e4n oppilailleen sek\u00e4 p\u00e4iv\u00e4kodin henkil\u00f6kunnalle.<\/p>\n<p>Kielin\u00e4 ovat suomi ja englanti.<\/p>\n<p>38 sivua.<\/p>\n<p>Kierrekannet, 38 sivua.<\/p>\n<p>TARJOUS! Tilaa 10 kirjaa, saa yhdennentoista ilmaiseksi.<\/p>","protected":false},"excerpt":{"rendered":"<p>Pohjolan el\u00e4imet ja nuoret pianistit on tarinallinen nuottikirja, joka sis\u00e4lt\u00e4\u00e4 Sini Lavastren s\u00e4vellyksi\u00e4 ja sovituksia, sanat ja soinnut, tarinan Pikku Pupusta, pedagogiset ohjeet monimuotoiseen ryhm\u00e4opetukseen, linkin \u00e4\u00e4nitteeseen sek\u00e4 monik\u00e4tiset sovitukset 3-4 pianistille yhdell\u00e4 pianolla. Pianistien kappaleet sopivat 3-12-vuotiaille oppilaille aloittelevista PT2-tasoisiin sek\u00e4 soveltuvat eri instrumenttien alkeisopetukseen sovelletusti. Kirjan avulla toteutat el\u00e4myksellist\u00e4 musiikkikasvatusta sis\u00e4lt\u00e4en satuja ja [&hellip;]<\/p>\n","protected":false},"featured_media":89,"template":"","meta":[],"product_brand":[],"product_cat":[15,18],"product_tag":[],"class_list":{"0":"post-88","1":"product","2":"type-product","3":"status-publish","4":"has-post-thumbnail","6":"product_cat-yleinen","7":"product_cat-oppikirjat","9":"first","10":"instock","11":"taxable","12":"shipping-taxable","13":"purchasable","14":"product-type-simple"},"_links":{"self":[{"href":"https:\/\/nordicanimals.fi\/index.php?rest_route=\/wp\/v2\/product\/88","targetHints":{"allow":["GET"]}}],"collection":[{"href":"https:\/\/nordicanimals.fi\/index.php?rest_route=\/wp\/v2\/product"}],"about":[{"href":"https:\/\/nordicanimals.fi\/index.php?rest_route=\/wp\/v2\/types\/product"}],"wp:featuredmedia":[{"embeddable":true,"href":"https:\/\/nordicanimals.fi\/index.php?rest_route=\/wp\/v2\/media\/89"}],"wp:attachment":[{"href":"https:\/\/nordicanimals.fi\/index.php?rest_route=%2Fwp%2Fv2%2Fmedia&parent=88"}],"wp:term":[{"taxonomy":"product_brand","embeddable":true,"href":"https:\/\/nordicanimals.fi\/index.php?rest_route=%2Fwp%2Fv2%2Fproduct_brand&post=88"},{"taxonomy":"product_cat","embeddable":true,"href":"https:\/\/nordicanimals.fi\/index.php?rest_route=%2Fwp%2Fv2%2Fproduct_cat&post=88"},{"taxonomy":"product_tag","embeddable":true,"href":"https:\/\/nordicanimals.fi\/index.php?rest_route=%2Fwp%2Fv2%2Fproduct_tag&post=88"}],"curies":[{"name":"wp","href":"https:\/\/api.w.org\/{rel}","templated":true}]}}