{"id":91,"date":"2019-02-18T09:51:41","date_gmt":"2019-02-18T09:51:41","guid":{"rendered":"http:\/\/wordpress.nordicanimals.com.95-216-21-125.luminka.com\/wordpress\/?post_type=product&#038;p=91"},"modified":"2022-10-06T13:19:17","modified_gmt":"2022-10-06T13:19:17","slug":"haukotteleva-haukka-laulajajille-sopralto-pdf","status":"publish","type":"product","link":"https:\/\/nordicanimals.fi\/?product=haukotteleva-haukka-laulajajille-sopralto-pdf","title":{"rendered":"Haukotteleva haukka laulajille (sopr,alto) PDF"},"content":{"rendered":"<p>Haukotteleva haukka -sovitus laulajille PDF<br \/>\ns\u00e4v. san. sov. Sini Lavastre (suomi) san. Teri Mantere (englanti)<\/p>\n<p>Kaksi\u00e4\u00e4ninen sovitus Pohjolan el\u00e4imet -kirjassa olevasta Sini Lavastren s\u00e4vellyksest\u00e4. Stemmat: Esilaulaja, sopraano ja altto.<\/p>\n<p>Kielin\u00e4 ovat suomi ja englanti.<\/p>\n<p>Huom! Tuote on ladattavissa kahteen kertaan.<\/p>","protected":false},"excerpt":{"rendered":"<p>Haukotteleva haukka -sovitus laulajille PDF s\u00e4v. san. sov. Sini Lavastre (suomi) san. Teri Mantere (englanti) Kaksi\u00e4\u00e4ninen sovitus Pohjolan el\u00e4imet -kirjassa olevasta Sini Lavastren s\u00e4vellyksest\u00e4. Stemmat: Esilaulaja, sopraano ja altto. Kielin\u00e4 ovat suomi ja englanti. Huom! Tuote on ladattavissa kahteen kertaan.<\/p>\n","protected":false},"featured_media":29,"template":"","meta":[],"product_brand":[],"product_cat":[20,15],"product_tag":[],"class_list":{"0":"post-91","1":"product","2":"type-product","3":"status-publish","4":"has-post-thumbnail","6":"product_cat-laulu-ja-kuoro","7":"product_cat-yleinen","9":"first","10":"instock","11":"downloadable","12":"virtual","13":"taxable","14":"purchasable","15":"product-type-simple"},"_links":{"self":[{"href":"https:\/\/nordicanimals.fi\/index.php?rest_route=\/wp\/v2\/product\/91","targetHints":{"allow":["GET"]}}],"collection":[{"href":"https:\/\/nordicanimals.fi\/index.php?rest_route=\/wp\/v2\/product"}],"about":[{"href":"https:\/\/nordicanimals.fi\/index.php?rest_route=\/wp\/v2\/types\/product"}],"wp:featuredmedia":[{"embeddable":true,"href":"https:\/\/nordicanimals.fi\/index.php?rest_route=\/wp\/v2\/media\/29"}],"wp:attachment":[{"href":"https:\/\/nordicanimals.fi\/index.php?rest_route=%2Fwp%2Fv2%2Fmedia&parent=91"}],"wp:term":[{"taxonomy":"product_brand","embeddable":true,"href":"https:\/\/nordicanimals.fi\/index.php?rest_route=%2Fwp%2Fv2%2Fproduct_brand&post=91"},{"taxonomy":"product_cat","embeddable":true,"href":"https:\/\/nordicanimals.fi\/index.php?rest_route=%2Fwp%2Fv2%2Fproduct_cat&post=91"},{"taxonomy":"product_tag","embeddable":true,"href":"https:\/\/nordicanimals.fi\/index.php?rest_route=%2Fwp%2Fv2%2Fproduct_tag&post=91"}],"curies":[{"name":"wp","href":"https:\/\/api.w.org\/{rel}","templated":true}]}}